{"id":333,"date":"2019-08-04T09:54:02","date_gmt":"2019-08-04T07:54:02","guid":{"rendered":"http:\/\/www.qed-golfsimulator.com\/?page_id=333"},"modified":"2021-04-01T09:08:25","modified_gmt":"2021-04-01T07:08:25","slug":"show-rooms","status":"publish","type":"page","link":"https:\/\/www.qed-golfsimulator.com\/cs\/show-rooms\/","title":{"rendered":"QED Show Rooms"},"content":{"rendered":"<div data-elementor-type=\"wp-post\" data-elementor-id=\"333\" class=\"elementor elementor-333\" data-elementor-settings=\"[]\">\n\t\t\t\t\t\t<div class=\"elementor-inner\">\n\t\t\t\t\t\t\t<div class=\"elementor-section-wrap\">\n\t\t\t\t\t\t\t<section class=\"elementor-section elementor-top-section elementor-element elementor-element-3f455b3 elementor-section-boxed elementor-section-height-default elementor-section-height-default\" data-id=\"3f455b3\" data-element_type=\"section\">\n\t\t\t\t\t\t<div class=\"elementor-container elementor-column-gap-default\">\n\t\t\t\t\t\t\t<div class=\"elementor-row\">\n\t\t\t\t\t<div class=\"elementor-column elementor-col-100 elementor-top-column elementor-element elementor-element-a995bf7\" data-id=\"a995bf7\" data-element_type=\"column\">\n\t\t\t<div class=\"elementor-column-wrap elementor-element-populated\">\n\t\t\t\t\t\t\t<div class=\"elementor-widget-wrap\">\n\t\t\t\t\t\t<div class=\"elementor-element elementor-element-352d384 elementor-widget elementor-widget-heading\" data-id=\"352d384\" data-element_type=\"widget\" data-widget_type=\"heading.default\">\n\t\t\t\t<div class=\"elementor-widget-container\">\n\t\t\t<h1 class=\"elementor-heading-title elementor-size-default\">Show Rooms Europe<\/h1>\t\t<\/div>\n\t\t\t\t<\/div>\n\t\t\t\t\t\t<\/div>\n\t\t\t\t\t<\/div>\n\t\t<\/div>\n\t\t\t\t\t\t\t\t<\/div>\n\t\t\t\t\t<\/div>\n\t\t<\/section>\n\t\t\t\t<section class=\"elementor-section elementor-top-section elementor-element elementor-element-3e584e6 elementor-section-boxed elementor-section-height-default elementor-section-height-default\" data-id=\"3e584e6\" data-element_type=\"section\">\n\t\t\t\t\t\t<div class=\"elementor-container elementor-column-gap-default\">\n\t\t\t\t\t\t\t<div class=\"elementor-row\">\n\t\t\t\t\t<div class=\"elementor-column elementor-col-100 elementor-top-column elementor-element elementor-element-fca7ad1\" data-id=\"fca7ad1\" data-element_type=\"column\">\n\t\t\t<div class=\"elementor-column-wrap elementor-element-populated\">\n\t\t\t\t\t\t\t<div class=\"elementor-widget-wrap\">\n\t\t\t\t\t\t<section class=\"elementor-section elementor-inner-section elementor-element elementor-element-146d7cc elementor-section-boxed elementor-section-height-default elementor-section-height-default\" data-id=\"146d7cc\" data-element_type=\"section\">\n\t\t\t\t\t\t<div class=\"elementor-container elementor-column-gap-default\">\n\t\t\t\t\t\t\t<div class=\"elementor-row\">\n\t\t\t\t\t<div class=\"elementor-column elementor-col-50 elementor-inner-column elementor-element elementor-element-9baed0f\" data-id=\"9baed0f\" data-element_type=\"column\">\n\t\t\t<div class=\"elementor-column-wrap elementor-element-populated\">\n\t\t\t\t\t\t\t<div class=\"elementor-widget-wrap\">\n\t\t\t\t\t\t<div class=\"elementor-element elementor-element-0cc4c19 elementor-widget elementor-widget-heading\" data-id=\"0cc4c19\" data-element_type=\"widget\" data-widget_type=\"heading.default\">\n\t\t\t\t<div class=\"elementor-widget-container\">\n\t\t\t<h2 class=\"elementor-heading-title elementor-size-default\">QED European Central \/ South \/ North Europe<\/h2>\t\t<\/div>\n\t\t\t\t<\/div>\n\t\t\t\t<div class=\"elementor-element elementor-element-f067fef elementor-widget elementor-widget-text-editor\" data-id=\"f067fef\" data-element_type=\"widget\" data-widget_type=\"text-editor.default\">\n\t\t\t\t<div class=\"elementor-widget-container\">\n\t\t\t\t\t<div class=\"elementor-text-editor elementor-clearfix\"><p><b>Golf Simulator Shop \/ European Show Room Centre<br \/><\/b>PGA Professional \/ CEO GSK Golf- Oliver Riepl<\/p><p>City and Country Club\u00a0 &#8211; Golfclub am Wienerberg\u00a0<br \/>Gutheil-Schoder Gasse 7<br \/>1100 Wien \/ Vienna\u00a0<br \/>Austria \/ \u00d6sterreich<br \/>Book a demo -&gt; +436645174720<br \/><a href=\"https:\/\/www.golfsimulator.shop\">www.golfsimulator.shop<\/a> \/ oliver@golfsport.company<\/p><\/div>\n\t\t\t\t<\/div>\n\t\t\t\t<\/div>\n\t\t\t\t<div class=\"elementor-element elementor-element-d4e8ecc elementor-widget elementor-widget-text-editor\" data-id=\"d4e8ecc\" data-element_type=\"widget\" data-widget_type=\"text-editor.default\">\n\t\t\t\t<div class=\"elementor-widget-container\">\n\t\t\t\t\t<div class=\"elementor-text-editor elementor-clearfix\"><p>Languages: German \/ English \/ Espanol<br \/>Operating Areas:<br \/>Austria \/ Germany \/ Switzerland \/\u00a0<span style=\"font-size: 15px; font-style: normal; font-weight: 400;\">Nederlands<\/span><span style=\"font-size: 15px; font-style: normal; font-weight: 400;\">\u00a0\/\u00a0<\/span><span style=\"font-size: 15px;\">Belgium \/ Hungary\u00a0<br \/>Italy \/ Spain \/ Portugal \/ Scandinavia and all other Areas\u00a0<\/span><\/p><\/div>\n\t\t\t\t<\/div>\n\t\t\t\t<\/div>\n\t\t\t\t<div class=\"elementor-element elementor-element-814844e elementor-widget elementor-widget-google_maps\" data-id=\"814844e\" data-element_type=\"widget\" data-widget_type=\"google_maps.default\">\n\t\t\t\t<div class=\"elementor-widget-container\">\n\t\t\t<div class=\"elementor-custom-embed\"><iframe frameborder=\"0\" scrolling=\"no\" marginheight=\"0\" marginwidth=\"0\" src=\"https:\/\/maps.google.com\/maps?q=city%20and%20country%20club%2C%20gutheil%20schoder%20gasse%2C%20wien&amp;t=m&amp;z=12&amp;output=embed&amp;iwloc=near\" title=\"city and country club, gutheil schoder gasse, wien\" aria-label=\"city and country club, gutheil schoder gasse, wien\"><\/iframe><\/div>\t\t<\/div>\n\t\t\t\t<\/div>\n\t\t\t\t\t\t<\/div>\n\t\t\t\t\t<\/div>\n\t\t<\/div>\n\t\t\t\t<div class=\"elementor-column elementor-col-50 elementor-inner-column elementor-element elementor-element-787213e\" data-id=\"787213e\" data-element_type=\"column\">\n\t\t\t<div class=\"elementor-column-wrap elementor-element-populated\">\n\t\t\t\t\t\t\t<div class=\"elementor-widget-wrap\">\n\t\t\t\t\t\t<div class=\"elementor-element elementor-element-b844353 elementor-widget elementor-widget-heading\" data-id=\"b844353\" data-element_type=\"widget\" data-widget_type=\"heading.default\">\n\t\t\t\t<div class=\"elementor-widget-container\">\n\t\t\t<h2 class=\"elementor-heading-title elementor-size-default\">QED UK Show Room<\/h2>\t\t<\/div>\n\t\t\t\t<\/div>\n\t\t\t\t<div class=\"elementor-element elementor-element-5dd2d50 elementor-widget elementor-widget-text-editor\" data-id=\"5dd2d50\" data-element_type=\"widget\" data-widget_type=\"text-editor.default\">\n\t\t\t\t<div class=\"elementor-widget-container\">\n\t\t\t\t\t<div class=\"elementor-text-editor elementor-clearfix\"><p><b>Golftech Systems\u00a0<br \/><\/b><span style=\"font-size: 15px;\">Steve Webb<br \/><\/span><span style=\"font-size: 15px;\">Unit C4\u00a0<\/span><span style=\"font-size: 15px;\">Grange Court Business Park \/\u00a0<\/span><span style=\"font-size: 15px;\">Barton Lane<br \/><\/span><span style=\"font-size: 15px;\">Abingdon\u00a0\u00a0<\/span><span style=\"font-size: 15px;\">OX14 3NB<br \/>England\u00a0<\/span><\/p><p>+44 1865 582699<br \/><a href=\"https:\/\/www.golftechsystems.com\/\">www.golftechsystems.com<\/a> \/ sales@golftechsystems.com<br \/>Book a Demo -&gt; <a href=\"https:\/\/www.golftechsystems.com\/pages\/demo-centre-1\">https:\/\/www.golftechsystems.com\/pages\/demo-centre-1<\/a><\/p><\/div>\n\t\t\t\t<\/div>\n\t\t\t\t<\/div>\n\t\t\t\t<div class=\"elementor-element elementor-element-1338a90 elementor-widget elementor-widget-text-editor\" data-id=\"1338a90\" data-element_type=\"widget\" data-widget_type=\"text-editor.default\">\n\t\t\t\t<div class=\"elementor-widget-container\">\n\t\t\t\t\t<div class=\"elementor-text-editor elementor-clearfix\"><p>Languages: English\u00a0<br \/>Operating Areas:<br \/>UK (England \/ Scotland \/ Northern Ireland \/ Wales)<br \/>Ireland<br \/><br \/><br \/><\/p><\/div>\n\t\t\t\t<\/div>\n\t\t\t\t<\/div>\n\t\t\t\t<div class=\"elementor-element elementor-element-587b1ad elementor-widget elementor-widget-google_maps\" data-id=\"587b1ad\" data-element_type=\"widget\" data-widget_type=\"google_maps.default\">\n\t\t\t\t<div class=\"elementor-widget-container\">\n\t\t\t<div class=\"elementor-custom-embed\"><iframe frameborder=\"0\" scrolling=\"no\" marginheight=\"0\" marginwidth=\"0\" src=\"https:\/\/maps.google.com\/maps?q=golftech%20systems%20england&amp;t=m&amp;z=11&amp;output=embed&amp;iwloc=near\" title=\"golftech systems england\" aria-label=\"golftech systems england\"><\/iframe><\/div>\t\t<\/div>\n\t\t\t\t<\/div>\n\t\t\t\t\t\t<\/div>\n\t\t\t\t\t<\/div>\n\t\t<\/div>\n\t\t\t\t\t\t\t\t<\/div>\n\t\t\t\t\t<\/div>\n\t\t<\/section>\n\t\t\t\t<div class=\"elementor-element elementor-element-f87f1c4 elementor-widget elementor-widget-spacer\" data-id=\"f87f1c4\" data-element_type=\"widget\" data-widget_type=\"spacer.default\">\n\t\t\t\t<div class=\"elementor-widget-container\">\n\t\t\t\t\t<div class=\"elementor-spacer\">\n\t\t\t<div class=\"elementor-spacer-inner\"><\/div>\n\t\t<\/div>\n\t\t\t\t<\/div>\n\t\t\t\t<\/div>\n\t\t\t\t<section class=\"elementor-section elementor-inner-section elementor-element elementor-element-3e5bbef elementor-section-boxed elementor-section-height-default elementor-section-height-default\" data-id=\"3e5bbef\" data-element_type=\"section\">\n\t\t\t\t\t\t<div class=\"elementor-container elementor-column-gap-default\">\n\t\t\t\t\t\t\t<div class=\"elementor-row\">\n\t\t\t\t\t<div class=\"elementor-column elementor-col-50 elementor-inner-column elementor-element elementor-element-e301220\" data-id=\"e301220\" data-element_type=\"column\">\n\t\t\t<div class=\"elementor-column-wrap elementor-element-populated\">\n\t\t\t\t\t\t\t<div class=\"elementor-widget-wrap\">\n\t\t\t\t\t\t<div class=\"elementor-element elementor-element-96fd189 elementor-widget elementor-widget-heading\" data-id=\"96fd189\" data-element_type=\"widget\" data-widget_type=\"heading.default\">\n\t\t\t\t<div class=\"elementor-widget-container\">\n\t\t\t<h2 class=\"elementor-heading-title elementor-size-default\">QED Europe Southeast<\/h2>\t\t<\/div>\n\t\t\t\t<\/div>\n\t\t\t\t<div class=\"elementor-element elementor-element-a02adfa elementor-widget elementor-widget-text-editor\" data-id=\"a02adfa\" data-element_type=\"widget\" data-widget_type=\"text-editor.default\">\n\t\t\t\t<div class=\"elementor-widget-container\">\n\t\t\t\t\t<div class=\"elementor-text-editor elementor-clearfix\"><p><b>PAGES Co. Indoor Golf Center<br \/><\/b>Dr. Nikos Valsamidis\u00a0<\/p><p>Glyfada Golf Club of Athens<br \/>Kon\/nou Karamanli, Glifada 166 10, <br \/>Athens \/ Greece<\/p><p>Book a demo -&gt;\u00a0nikvalsamidis@gmail.com<br \/><a href=\"http:\/\/www.pages.com.gr\/\">http:\/\/www.pages.com.gr\/<\/a><\/p><\/div>\n\t\t\t\t<\/div>\n\t\t\t\t<\/div>\n\t\t\t\t<div class=\"elementor-element elementor-element-9a616d5 elementor-widget elementor-widget-text-editor\" data-id=\"9a616d5\" data-element_type=\"widget\" data-widget_type=\"text-editor.default\">\n\t\t\t\t<div class=\"elementor-widget-container\">\n\t\t\t\t\t<div class=\"elementor-text-editor elementor-clearfix\"><p>Languages: Greek \/ English\u00a0<br \/>Operating Areas:<br \/>Greece \/ Bulgaria \/ Romania \/ Turkey \/ Cyprus<\/p><\/div>\n\t\t\t\t<\/div>\n\t\t\t\t<\/div>\n\t\t\t\t<div class=\"elementor-element elementor-element-473310f elementor-widget elementor-widget-google_maps\" data-id=\"473310f\" data-element_type=\"widget\" data-widget_type=\"google_maps.default\">\n\t\t\t\t<div class=\"elementor-widget-container\">\n\t\t\t<div class=\"elementor-custom-embed\"><iframe frameborder=\"0\" scrolling=\"no\" marginheight=\"0\" marginwidth=\"0\" src=\"https:\/\/maps.google.com\/maps?q=golf%20glyfada%20athens&amp;t=m&amp;z=11&amp;output=embed&amp;iwloc=near\" title=\"golf glyfada athens\" aria-label=\"golf glyfada athens\"><\/iframe><\/div>\t\t<\/div>\n\t\t\t\t<\/div>\n\t\t\t\t\t\t<\/div>\n\t\t\t\t\t<\/div>\n\t\t<\/div>\n\t\t\t\t<div class=\"elementor-column elementor-col-50 elementor-inner-column elementor-element elementor-element-22f1f9f\" data-id=\"22f1f9f\" data-element_type=\"column\">\n\t\t\t<div class=\"elementor-column-wrap elementor-element-populated\">\n\t\t\t\t\t\t\t<div class=\"elementor-widget-wrap\">\n\t\t\t\t\t\t<div class=\"elementor-element elementor-element-77510a2 elementor-widget elementor-widget-heading\" data-id=\"77510a2\" data-element_type=\"widget\" data-widget_type=\"heading.default\">\n\t\t\t\t<div class=\"elementor-widget-container\">\n\t\t\t<h2 class=\"elementor-heading-title elementor-size-default\">QED Czech Show Room<\/h2>\t\t<\/div>\n\t\t\t\t<\/div>\n\t\t\t\t<div class=\"elementor-element elementor-element-11a6068 elementor-widget elementor-widget-text-editor\" data-id=\"11a6068\" data-element_type=\"widget\" data-widget_type=\"text-editor.default\">\n\t\t\t\t<div class=\"elementor-widget-container\">\n\t\t\t\t\t<div class=\"elementor-text-editor elementor-clearfix\"><p><span style=\"font-size: 15px;\"><b>Golfgear Czech<br \/><\/b><\/span><span style=\"font-size: 15px;\">Marek Sajner <\/span><\/p><p>U Sluncov\u00e9 618\/25<br \/>186 00 Praha 3-Invalidovna<br \/>Czech<\/p><p>+420 73 1194219<br \/>www.golfgear.cz<\/p><\/div>\n\t\t\t\t<\/div>\n\t\t\t\t<\/div>\n\t\t\t\t<div class=\"elementor-element elementor-element-97dd85e elementor-widget elementor-widget-text-editor\" data-id=\"97dd85e\" data-element_type=\"widget\" data-widget_type=\"text-editor.default\">\n\t\t\t\t<div class=\"elementor-widget-container\">\n\t\t\t\t\t<div class=\"elementor-text-editor elementor-clearfix\"><p>Languages: English \/ Czech \/ Slovak<br \/>Czech \/ Slovakia<br \/>Poland<\/p><\/div>\n\t\t\t\t<\/div>\n\t\t\t\t<\/div>\n\t\t\t\t<div class=\"elementor-element elementor-element-7f2509f elementor-widget elementor-widget-google_maps\" data-id=\"7f2509f\" data-element_type=\"widget\" data-widget_type=\"google_maps.default\">\n\t\t\t\t<div class=\"elementor-widget-container\">\n\t\t\t<div class=\"elementor-custom-embed\"><iframe frameborder=\"0\" scrolling=\"no\" marginheight=\"0\" marginwidth=\"0\" src=\"https:\/\/maps.google.com\/maps?q=golfgear%20cz&amp;t=m&amp;z=11&amp;output=embed&amp;iwloc=near\" title=\"golfgear cz\" aria-label=\"golfgear cz\"><\/iframe><\/div>\t\t<\/div>\n\t\t\t\t<\/div>\n\t\t\t\t\t\t<\/div>\n\t\t\t\t\t<\/div>\n\t\t<\/div>\n\t\t\t\t\t\t\t\t<\/div>\n\t\t\t\t\t<\/div>\n\t\t<\/section>\n\t\t\t\t<section class=\"elementor-section elementor-inner-section elementor-element elementor-element-087a249 elementor-section-boxed elementor-section-height-default elementor-section-height-default\" data-id=\"087a249\" data-element_type=\"section\">\n\t\t\t\t\t\t<div class=\"elementor-container elementor-column-gap-default\">\n\t\t\t\t\t\t\t<div class=\"elementor-row\">\n\t\t\t\t\t<div class=\"elementor-column elementor-col-100 elementor-inner-column elementor-element elementor-element-e58aac8\" data-id=\"e58aac8\" data-element_type=\"column\">\n\t\t\t<div class=\"elementor-column-wrap elementor-element-populated\">\n\t\t\t\t\t\t\t<div class=\"elementor-widget-wrap\">\n\t\t\t\t\t\t<div class=\"elementor-element elementor-element-2814372 elementor-widget elementor-widget-heading\" data-id=\"2814372\" data-element_type=\"widget\" data-widget_type=\"heading.default\">\n\t\t\t\t<div class=\"elementor-widget-container\">\n\t\t\t<h2 class=\"elementor-heading-title elementor-size-default\">QED UAE \/ Saudi Arabia<\/h2>\t\t<\/div>\n\t\t\t\t<\/div>\n\t\t\t\t<div class=\"elementor-element elementor-element-52e90b3 elementor-widget elementor-widget-text-editor\" data-id=\"52e90b3\" data-element_type=\"widget\" data-widget_type=\"text-editor.default\">\n\t\t\t\t<div class=\"elementor-widget-container\">\n\t\t\t\t\t<div class=\"elementor-text-editor elementor-clearfix\"><p><span style=\"font-size: 15px; font-weight: bold;\">Golf Simulator Shop<\/span><\/p>\n<p style=\"font-size: 15px; font-style: normal; font-weight: 400;\">PGA Professional \/ CEO GSK Golf- Oliver Riepl<\/p>\n<p style=\"font-size: 15px; font-weight: 400;\"><span style=\"font-style: normal;\">DUBAI&nbsp;<br><\/span>United Arab Emirates<br><br><a style=\"font-style: normal; font-size: 15px;\" href=\"https:\/\/www.golfsimulator.shop\/\">www.golfsimulator.shop<\/a>&nbsp;\/ oliver@golfsport.company<\/p><\/div>\n\t\t\t\t<\/div>\n\t\t\t\t<\/div>\n\t\t\t\t<div class=\"elementor-element elementor-element-53e2bc5 elementor-widget elementor-widget-text-editor\" data-id=\"53e2bc5\" data-element_type=\"widget\" data-widget_type=\"text-editor.default\">\n\t\t\t\t<div class=\"elementor-widget-container\">\n\t\t\t\t\t<div class=\"elementor-text-editor elementor-clearfix\"><p>SHOW ROOM TBA &#8211; in Mid 2020<br \/><br \/><br \/><br \/><\/p><\/div>\n\t\t\t\t<\/div>\n\t\t\t\t<\/div>\n\t\t\t\t<div class=\"elementor-element elementor-element-3c57947 elementor-widget elementor-widget-google_maps\" data-id=\"3c57947\" data-element_type=\"widget\" data-widget_type=\"google_maps.default\">\n\t\t\t\t<div class=\"elementor-widget-container\">\n\t\t\t<div class=\"elementor-custom-embed\"><iframe frameborder=\"0\" scrolling=\"no\" marginheight=\"0\" marginwidth=\"0\" src=\"https:\/\/maps.google.com\/maps?q=Dubai&amp;t=m&amp;z=11&amp;output=embed&amp;iwloc=near\" title=\"Dubai\" aria-label=\"Dubai\"><\/iframe><\/div>\t\t<\/div>\n\t\t\t\t<\/div>\n\t\t\t\t\t\t<\/div>\n\t\t\t\t\t<\/div>\n\t\t<\/div>\n\t\t\t\t\t\t\t\t<\/div>\n\t\t\t\t\t<\/div>\n\t\t<\/section>\n\t\t\t\t\t\t<\/div>\n\t\t\t\t\t<\/div>\n\t\t<\/div>\n\t\t\t\t\t\t\t\t<\/div>\n\t\t\t\t\t<\/div>\n\t\t<\/section>\n\t\t\t\t<section class=\"elementor-section elementor-top-section elementor-element elementor-element-a9b06f9 elementor-section-boxed elementor-section-height-default elementor-section-height-default\" data-id=\"a9b06f9\" data-element_type=\"section\">\n\t\t\t\t\t\t<div class=\"elementor-container elementor-column-gap-default\">\n\t\t\t\t\t\t\t<div class=\"elementor-row\">\n\t\t\t\t\t<div class=\"elementor-column elementor-col-100 elementor-top-column elementor-element elementor-element-4e5904a\" data-id=\"4e5904a\" data-element_type=\"column\">\n\t\t\t<div class=\"elementor-column-wrap elementor-element-populated\">\n\t\t\t\t\t\t\t<div class=\"elementor-widget-wrap\">\n\t\t\t\t\t\t<div class=\"elementor-element elementor-element-93f4711 elementor-widget-divider--view-line elementor-widget elementor-widget-divider\" data-id=\"93f4711\" data-element_type=\"widget\" data-widget_type=\"divider.default\">\n\t\t\t\t<div class=\"elementor-widget-container\">\n\t\t\t\t\t<div class=\"elementor-divider\">\n\t\t\t<span class=\"elementor-divider-separator\">\n\t\t\t\t\t\t<\/span>\n\t\t<\/div>\n\t\t\t\t<\/div>\n\t\t\t\t<\/div>\n\t\t\t\t<div class=\"elementor-element elementor-element-86f61ec elementor-widget elementor-widget-heading\" data-id=\"86f61ec\" data-element_type=\"widget\" data-widget_type=\"heading.default\">\n\t\t\t\t<div class=\"elementor-widget-container\">\n\t\t\t<h2 class=\"elementor-heading-title elementor-size-default\">QED Uneekor Show Rooms Worldwide (non European)<\/h2>\t\t<\/div>\n\t\t\t\t<\/div>\n\t\t\t\t<div class=\"elementor-element elementor-element-b9bf607 elementor-widget elementor-widget-spacer\" data-id=\"b9bf607\" data-element_type=\"widget\" data-widget_type=\"spacer.default\">\n\t\t\t\t<div class=\"elementor-widget-container\">\n\t\t\t\t\t<div class=\"elementor-spacer\">\n\t\t\t<div class=\"elementor-spacer-inner\"><\/div>\n\t\t<\/div>\n\t\t\t\t<\/div>\n\t\t\t\t<\/div>\n\t\t\t\t<div class=\"elementor-element elementor-element-42fc70c elementor-widget elementor-widget-heading\" data-id=\"42fc70c\" data-element_type=\"widget\" data-widget_type=\"heading.default\">\n\t\t\t\t<div class=\"elementor-widget-container\">\n\t\t\t<h2 class=\"elementor-heading-title elementor-size-default\">USA - United States of America &amp; Canada\n\n<\/h2>\t\t<\/div>\n\t\t\t\t<\/div>\n\t\t\t\t<div class=\"elementor-element elementor-element-80ae22b elementor-widget elementor-widget-text-editor\" data-id=\"80ae22b\" data-element_type=\"widget\" data-widget_type=\"text-editor.default\">\n\t\t\t\t<div class=\"elementor-widget-container\">\n\t\t\t\t\t<div class=\"elementor-text-editor elementor-clearfix\"><h2 class=\"elementor-heading-title elementor-size-default elementor-inline-editing pen\" data-elementor-setting-key=\"title\" data-pen-placeholder=\"Type Here...\"><span style=\"color: #ffffff;\">Please visit <a style=\"color: #ffffff;\" href=\"http:\/\/www.Uneekor.com\">www.Uneekor.com<\/a> for a Full List of Show Rooms and Resellers in the United States and Canada<\/span><\/h2><h2 class=\"elementor-heading-title elementor-size-default elementor-inline-editing pen\" contenteditable=\"true\" data-elementor-setting-key=\"title\" data-pen-placeholder=\"Type Here...\"><span style=\"color: #ffffff;\">\u200b<\/span><\/h2><\/div>\n\t\t\t\t<\/div>\n\t\t\t\t<\/div>\n\t\t\t\t<div class=\"elementor-element elementor-element-952304a elementor-widget elementor-widget-heading\" data-id=\"952304a\" data-element_type=\"widget\" data-widget_type=\"heading.default\">\n\t\t\t\t<div class=\"elementor-widget-container\">\n\t\t\t<h2 class=\"elementor-heading-title elementor-size-default\">Australia \/ Oceania Show Room<\/h2>\t\t<\/div>\n\t\t\t\t<\/div>\n\t\t\t\t<section class=\"elementor-section elementor-inner-section elementor-element elementor-element-181b034 elementor-section-boxed elementor-section-height-default elementor-section-height-default\" data-id=\"181b034\" data-element_type=\"section\">\n\t\t\t\t\t\t<div class=\"elementor-container elementor-column-gap-default\">\n\t\t\t\t\t\t\t<div class=\"elementor-row\">\n\t\t\t\t\t<div class=\"elementor-column elementor-col-100 elementor-inner-column elementor-element elementor-element-9794e75\" data-id=\"9794e75\" data-element_type=\"column\">\n\t\t\t<div class=\"elementor-column-wrap elementor-element-populated\">\n\t\t\t\t\t\t\t<div class=\"elementor-widget-wrap\">\n\t\t\t\t\t\t<div class=\"elementor-element elementor-element-c686509 elementor-widget elementor-widget-text-editor\" data-id=\"c686509\" data-element_type=\"widget\" data-widget_type=\"text-editor.default\">\n\t\t\t\t<div class=\"elementor-widget-container\">\n\t\t\t\t\t<div class=\"elementor-text-editor elementor-clearfix\"><h2><span style=\"color: #ffffff;\">Australia<\/span><\/h2><p><strong> Huntingdale Golf Club in Oakleigh, Victoria<br \/><br \/>Golfsim Australia<br \/>Melbourne<br \/>Australia\u00a0<\/strong><\/p><p><strong>Phone\u00a0<\/strong>\u2013\u00a00413 132 989 (Brad Huggett)<br \/><strong>Golf sim enquiry Email<\/strong>: enquiries@golfsimaustralia.com.au<\/p><\/div>\n\t\t\t\t<\/div>\n\t\t\t\t<\/div>\n\t\t\t\t<div class=\"elementor-element elementor-element-50f9820 elementor-widget elementor-widget-google_maps\" data-id=\"50f9820\" data-element_type=\"widget\" data-widget_type=\"google_maps.default\">\n\t\t\t\t<div class=\"elementor-widget-container\">\n\t\t\t<div class=\"elementor-custom-embed\"><iframe frameborder=\"0\" scrolling=\"no\" marginheight=\"0\" marginwidth=\"0\" src=\"https:\/\/maps.google.com\/maps?q=Huntingdale%20Golf%20Club%20in%20Oakleigh%2C%20Victoria&amp;t=m&amp;z=10&amp;output=embed&amp;iwloc=near\" title=\"Huntingdale Golf Club in Oakleigh, Victoria\" aria-label=\"Huntingdale Golf Club in Oakleigh, Victoria\"><\/iframe><\/div>\t\t<\/div>\n\t\t\t\t<\/div>\n\t\t\t\t\t\t<\/div>\n\t\t\t\t\t<\/div>\n\t\t<\/div>\n\t\t\t\t\t\t\t\t<\/div>\n\t\t\t\t\t<\/div>\n\t\t<\/section>\n\t\t\t\t\t\t<\/div>\n\t\t\t\t\t<\/div>\n\t\t<\/div>\n\t\t\t\t\t\t\t\t<\/div>\n\t\t\t\t\t<\/div>\n\t\t<\/section>\n\t\t\t\t\t\t<\/div>\n\t\t\t\t\t\t<\/div>\n\t\t\t\t\t<\/div>","protected":false},"excerpt":{"rendered":"<p>Show Rooms Europe QED European Central \/ South \/ North Europe Golf Simulator Shop \/ European Show Room CentrePGA Professional \/ CEO GSK Golf- Oliver Riepl City and Country Club\u00a0 &#8211; Golfclub am Wienerberg\u00a0Gutheil-Schoder Gasse 71100 Wien \/ Vienna\u00a0Austria \/ \u00d6sterreichBook a demo -&gt; +436645174720www.golfsimulator.shop \/ oliver@golfsport.company Languages: German \/ English \/ EspanolOperating Areas:Austria \/ &hellip;<\/p>\n<p class=\"read-more\"> <a class=\"\" href=\"https:\/\/www.qed-golfsimulator.com\/cs\/show-rooms\/\"> <span class=\"screen-reader-text\">QED Show Rooms<\/span> Pokra\u010dovat ve \u010dten\u00ed &raquo;<\/a><\/p>","protected":false},"author":1,"featured_media":0,"parent":0,"menu_order":0,"comment_status":"closed","ping_status":"closed","template":"","meta":[],"_links":{"self":[{"href":"https:\/\/www.qed-golfsimulator.com\/cs\/wp-json\/wp\/v2\/pages\/333"}],"collection":[{"href":"https:\/\/www.qed-golfsimulator.com\/cs\/wp-json\/wp\/v2\/pages"}],"about":[{"href":"https:\/\/www.qed-golfsimulator.com\/cs\/wp-json\/wp\/v2\/types\/page"}],"author":[{"embeddable":true,"href":"https:\/\/www.qed-golfsimulator.com\/cs\/wp-json\/wp\/v2\/users\/1"}],"replies":[{"embeddable":true,"href":"https:\/\/www.qed-golfsimulator.com\/cs\/wp-json\/wp\/v2\/comments?post=333"}],"version-history":[{"count":23,"href":"https:\/\/www.qed-golfsimulator.com\/cs\/wp-json\/wp\/v2\/pages\/333\/revisions"}],"predecessor-version":[{"id":450,"href":"https:\/\/www.qed-golfsimulator.com\/cs\/wp-json\/wp\/v2\/pages\/333\/revisions\/450"}],"wp:attachment":[{"href":"https:\/\/www.qed-golfsimulator.com\/cs\/wp-json\/wp\/v2\/media?parent=333"}],"curies":[{"name":"wp","href":"https:\/\/api.w.org\/{rel}","templated":true}]}}